{"id":781,"date":"2023-09-07T18:11:13","date_gmt":"2023-09-07T16:11:13","guid":{"rendered":"http:\/\/leksykologia-logopedia.amu.edu.pl\/?page_id=781"},"modified":"2023-10-04T12:39:39","modified_gmt":"2023-10-04T10:39:39","slug":"elementor-781","status":"publish","type":"page","link":"http:\/\/leksykologia-logopedia.amu.edu.pl\/?page_id=781","title":{"rendered":"M\u00f3zg &#8211; j\u0119zyk &#8211; komunikacja 2023"},"content":{"rendered":"\t\t<div data-elementor-type=\"wp-page\" data-elementor-id=\"781\" class=\"elementor elementor-781\">\n\t\t\t\t\t\t<div class=\"elementor-inner\">\n\t\t\t\t<div class=\"elementor-section-wrap\">\n\t\t\t\t\t\t\t\t\t<section class=\"elementor-section elementor-top-section elementor-element elementor-element-6bd5a59 elementor-section-boxed elementor-section-height-default elementor-section-height-default\" data-id=\"6bd5a59\" data-element_type=\"section\">\n\t\t\t\t\t\t<div class=\"elementor-container elementor-column-gap-default\">\n\t\t\t\t\t\t\t<div class=\"elementor-row\">\n\t\t\t\t\t<div class=\"elementor-column elementor-col-100 elementor-top-column elementor-element elementor-element-cc7230c\" data-id=\"cc7230c\" data-element_type=\"column\">\n\t\t\t<div class=\"elementor-column-wrap elementor-element-populated\">\n\t\t\t\t\t\t\t<div class=\"elementor-widget-wrap\">\n\t\t\t\t\t\t<div class=\"elementor-element elementor-element-44ff75c elementor-widget elementor-widget-heading\" data-id=\"44ff75c\" data-element_type=\"widget\" data-widget_type=\"heading.default\">\n\t\t\t\t<div class=\"elementor-widget-container\">\n\t\t\t<h2 class=\"elementor-heading-title elementor-size-default\">IV Og\u00f3lnopolska konferencja logopedyczna \n<\/h2>\t\t<\/div>\n\t\t\t\t<\/div>\n\t\t\t\t<div class=\"elementor-element elementor-element-71d417f elementor-widget elementor-widget-heading\" data-id=\"71d417f\" data-element_type=\"widget\" data-widget_type=\"heading.default\">\n\t\t\t\t<div class=\"elementor-widget-container\">\n\t\t\t<h2 class=\"elementor-heading-title elementor-size-default\">M\u00f3zg - j\u0119zyk - komunikacja<\/h2>\t\t<\/div>\n\t\t\t\t<\/div>\n\t\t\t\t<div class=\"elementor-element elementor-element-455d30e elementor-widget elementor-widget-heading\" data-id=\"455d30e\" data-element_type=\"widget\" data-widget_type=\"heading.default\">\n\t\t\t\t<div class=\"elementor-widget-container\">\n\t\t\t<h2 class=\"elementor-heading-title elementor-size-default\">6.10.2023<\/h2>\t\t<\/div>\n\t\t\t\t<\/div>\n\t\t\t\t<div class=\"elementor-element elementor-element-6caed62 elementor-widget elementor-widget-image\" data-id=\"6caed62\" data-element_type=\"widget\" data-widget_type=\"image.default\">\n\t\t\t\t<div class=\"elementor-widget-container\">\n\t\t\t\t\t\t\t\t<div class=\"elementor-image\">\n\t\t\t\t\t\t\t\t\t\t\t\t<img decoding=\"async\" width=\"724\" height=\"1024\" src=\"http:\/\/leksykologia-logopedia.amu.edu.pl\/wp-content\/uploads\/2023\/09\/Zaproszenie1-724x1024.png\" class=\"attachment-large size-large\" alt=\"\" loading=\"lazy\" srcset=\"http:\/\/leksykologia-logopedia.amu.edu.pl\/wp-content\/uploads\/2023\/09\/Zaproszenie1-724x1024.png 724w, http:\/\/leksykologia-logopedia.amu.edu.pl\/wp-content\/uploads\/2023\/09\/Zaproszenie1-212x300.png 212w, http:\/\/leksykologia-logopedia.amu.edu.pl\/wp-content\/uploads\/2023\/09\/Zaproszenie1-768x1086.png 768w, http:\/\/leksykologia-logopedia.amu.edu.pl\/wp-content\/uploads\/2023\/09\/Zaproszenie1-1086x1536.png 1086w, http:\/\/leksykologia-logopedia.amu.edu.pl\/wp-content\/uploads\/2023\/09\/Zaproszenie1-1448x2048.png 1448w, http:\/\/leksykologia-logopedia.amu.edu.pl\/wp-content\/uploads\/2023\/09\/Zaproszenie1.png 1587w\" sizes=\"(max-width: 724px) 100vw, 724px\" \/>\t\t\t\t\t\t\t\t\t\t\t\t\t\t<\/div>\n\t\t\t\t\t\t<\/div>\n\t\t\t\t<\/div>\n\t\t\t\t<div class=\"elementor-element elementor-element-145bd14 elementor-widget elementor-widget-image\" data-id=\"145bd14\" data-element_type=\"widget\" data-widget_type=\"image.default\">\n\t\t\t\t<div class=\"elementor-widget-container\">\n\t\t\t\t\t\t\t\t<div class=\"elementor-image\">\n\t\t\t\t\t\t\t\t\t\t\t\t<img decoding=\"async\" width=\"724\" height=\"1024\" src=\"http:\/\/leksykologia-logopedia.amu.edu.pl\/wp-content\/uploads\/2023\/09\/Zaproszenie-z-adnotacj\u0105-724x1024.png\" class=\"attachment-large size-large\" alt=\"\" loading=\"lazy\" srcset=\"http:\/\/leksykologia-logopedia.amu.edu.pl\/wp-content\/uploads\/2023\/09\/Zaproszenie-z-adnotacj\u0105-724x1024.png 724w, http:\/\/leksykologia-logopedia.amu.edu.pl\/wp-content\/uploads\/2023\/09\/Zaproszenie-z-adnotacj\u0105-212x300.png 212w, http:\/\/leksykologia-logopedia.amu.edu.pl\/wp-content\/uploads\/2023\/09\/Zaproszenie-z-adnotacj\u0105-768x1086.png 768w, http:\/\/leksykologia-logopedia.amu.edu.pl\/wp-content\/uploads\/2023\/09\/Zaproszenie-z-adnotacj\u0105-1086x1536.png 1086w, http:\/\/leksykologia-logopedia.amu.edu.pl\/wp-content\/uploads\/2023\/09\/Zaproszenie-z-adnotacj\u0105-1448x2048.png 1448w, http:\/\/leksykologia-logopedia.amu.edu.pl\/wp-content\/uploads\/2023\/09\/Zaproszenie-z-adnotacj\u0105.png 1587w\" sizes=\"(max-width: 724px) 100vw, 724px\" \/>\t\t\t\t\t\t\t\t\t\t\t\t\t\t<\/div>\n\t\t\t\t\t\t<\/div>\n\t\t\t\t<\/div>\n\t\t\t\t<div class=\"elementor-element elementor-element-ac65cd5 elementor-widget elementor-widget-text-editor\" data-id=\"ac65cd5\" data-element_type=\"widget\" data-widget_type=\"text-editor.default\">\n\t\t\t\t<div class=\"elementor-widget-container\">\n\t\t\t\t\t\t\t\t<div class=\"elementor-text-editor elementor-clearfix\">\n\t\t\t\t<p>W razie pyta\u0144 prosimy o kontakt z prof. UAM dr hab. Jolant\u0105 S\u0142awek (jolanta.slawek@amu.edu.pl) lub prof. UAM dr hab. Ew\u0105 Kaptur (ewa.kaptur@amu.edu.pl).<\/p>\t\t\t\t\t<\/div>\n\t\t\t\t\t\t<\/div>\n\t\t\t\t<\/div>\n\t\t\t\t<div class=\"elementor-element elementor-element-4051886 elementor-widget elementor-widget-text-editor\" data-id=\"4051886\" data-element_type=\"widget\" data-widget_type=\"text-editor.default\">\n\t\t\t\t<div class=\"elementor-widget-container\">\n\t\t\t\t\t\t\t\t<div class=\"elementor-text-editor elementor-clearfix\">\n\t\t\t\t<p><a href=\"http:\/\/leksykologia-logopedia.amu.edu.pl\/wp-content\/uploads\/2023\/10\/Program-konferencji-wersja-ostateczna.pdf\">Pobierz program<\/a><\/p>\t\t\t\t\t<\/div>\n\t\t\t\t\t\t<\/div>\n\t\t\t\t<\/div>\n\t\t\t\t<div class=\"elementor-element elementor-element-e8b4b82 elementor-widget elementor-widget-text-editor\" data-id=\"e8b4b82\" data-element_type=\"widget\" data-widget_type=\"text-editor.default\">\n\t\t\t\t<div class=\"elementor-widget-container\">\n\t\t\t\t\t\t\t\t<div class=\"elementor-text-editor elementor-clearfix\">\n\t\t\t\t<div><p class=\"x_ContentPasted0\">Rachunek Stowarzyszenia \u201eAfazja\u201d:<\/p><\/div><div><p class=\"x_ContentPasted0\">BNP PARIBAS S.A.<\/p><\/div><div><p class=\"x_ContentPasted0\">32 2030 0045 1110 0000 0279 8270<\/p><\/div>\t\t\t\t\t<\/div>\n\t\t\t\t\t\t<\/div>\n\t\t\t\t<\/div>\n\t\t\t\t<div class=\"elementor-element elementor-element-b04979a elementor-widget elementor-widget-heading\" data-id=\"b04979a\" data-element_type=\"widget\" data-widget_type=\"heading.default\">\n\t\t\t\t<div class=\"elementor-widget-container\">\n\t\t\t<h2 class=\"elementor-heading-title elementor-size-large\">Program konferencji<\/h2>\t\t<\/div>\n\t\t\t\t<\/div>\n\t\t\t\t<div class=\"elementor-element elementor-element-a13bada elementor-widget elementor-widget-image\" data-id=\"a13bada\" data-element_type=\"widget\" data-widget_type=\"image.default\">\n\t\t\t\t<div class=\"elementor-widget-container\">\n\t\t\t\t\t\t\t\t<div class=\"elementor-image\">\n\t\t\t\t\t\t\t\t\t\t\t\t<img decoding=\"async\" width=\"768\" height=\"1086\" src=\"http:\/\/leksykologia-logopedia.amu.edu.pl\/wp-content\/uploads\/2023\/10\/Program-konferencji-wersja-ostateczna_page-0001-768x1086.jpg\" class=\"attachment-medium_large size-medium_large\" alt=\"\" loading=\"lazy\" srcset=\"http:\/\/leksykologia-logopedia.amu.edu.pl\/wp-content\/uploads\/2023\/10\/Program-konferencji-wersja-ostateczna_page-0001-768x1086.jpg 768w, http:\/\/leksykologia-logopedia.amu.edu.pl\/wp-content\/uploads\/2023\/10\/Program-konferencji-wersja-ostateczna_page-0001-212x300.jpg 212w, http:\/\/leksykologia-logopedia.amu.edu.pl\/wp-content\/uploads\/2023\/10\/Program-konferencji-wersja-ostateczna_page-0001-724x1024.jpg 724w, http:\/\/leksykologia-logopedia.amu.edu.pl\/wp-content\/uploads\/2023\/10\/Program-konferencji-wersja-ostateczna_page-0001-1086x1536.jpg 1086w, http:\/\/leksykologia-logopedia.amu.edu.pl\/wp-content\/uploads\/2023\/10\/Program-konferencji-wersja-ostateczna_page-0001-1448x2048.jpg 1448w, http:\/\/leksykologia-logopedia.amu.edu.pl\/wp-content\/uploads\/2023\/10\/Program-konferencji-wersja-ostateczna_page-0001-scaled.jpg 1810w\" sizes=\"(max-width: 768px) 100vw, 768px\" \/>\t\t\t\t\t\t\t\t\t\t\t\t\t\t<\/div>\n\t\t\t\t\t\t<\/div>\n\t\t\t\t<\/div>\n\t\t\t\t<div class=\"elementor-element elementor-element-5d92c19 elementor-widget elementor-widget-image\" data-id=\"5d92c19\" data-element_type=\"widget\" data-widget_type=\"image.default\">\n\t\t\t\t<div class=\"elementor-widget-container\">\n\t\t\t\t\t\t\t\t<div class=\"elementor-image\">\n\t\t\t\t\t\t\t\t\t\t\t\t<img decoding=\"async\" width=\"768\" height=\"1086\" src=\"http:\/\/leksykologia-logopedia.amu.edu.pl\/wp-content\/uploads\/2023\/10\/Program-konferencji-wersja-ostateczna_page-0002-768x1086.jpg\" class=\"attachment-medium_large size-medium_large\" alt=\"\" loading=\"lazy\" srcset=\"http:\/\/leksykologia-logopedia.amu.edu.pl\/wp-content\/uploads\/2023\/10\/Program-konferencji-wersja-ostateczna_page-0002-768x1086.jpg 768w, http:\/\/leksykologia-logopedia.amu.edu.pl\/wp-content\/uploads\/2023\/10\/Program-konferencji-wersja-ostateczna_page-0002-212x300.jpg 212w, http:\/\/leksykologia-logopedia.amu.edu.pl\/wp-content\/uploads\/2023\/10\/Program-konferencji-wersja-ostateczna_page-0002-724x1024.jpg 724w, http:\/\/leksykologia-logopedia.amu.edu.pl\/wp-content\/uploads\/2023\/10\/Program-konferencji-wersja-ostateczna_page-0002-1086x1536.jpg 1086w, http:\/\/leksykologia-logopedia.amu.edu.pl\/wp-content\/uploads\/2023\/10\/Program-konferencji-wersja-ostateczna_page-0002-1448x2048.jpg 1448w, http:\/\/leksykologia-logopedia.amu.edu.pl\/wp-content\/uploads\/2023\/10\/Program-konferencji-wersja-ostateczna_page-0002-scaled.jpg 1810w\" sizes=\"(max-width: 768px) 100vw, 768px\" \/>\t\t\t\t\t\t\t\t\t\t\t\t\t\t<\/div>\n\t\t\t\t\t\t<\/div>\n\t\t\t\t<\/div>\n\t\t\t\t\t\t<\/div>\n\t\t\t\t\t<\/div>\n\t\t<\/div>\n\t\t\t\t\t\t\t\t<\/div>\n\t\t\t\t\t<\/div>\n\t\t<\/section>\n\t\t\t\t\t\t\t\t\t<\/div>\n\t\t\t<\/div>\n\t\t\t\t\t<\/div>\n\t\t","protected":false},"excerpt":{"rendered":"<p>IV Og\u00f3lnopolska konferencja logopedyczna M\u00f3zg &#8211; j\u0119zyk &#8211; komunikacja 6.10.2023 W razie pyta\u0144 prosimy o kontakt z prof. UAM dr hab. Jolant\u0105 S\u0142awek (jolanta.slawek@amu.edu.pl) lub prof. UAM dr hab. Ew\u0105 Kaptur (ewa.kaptur@amu.edu.pl). Pobierz program Rachunek Stowarzyszenia \u201eAfazja\u201d: BNP PARIBAS S.A. 32 2030 0045 1110 0000 0279 8270 Program konferencji<\/p>\n","protected":false},"author":2,"featured_media":0,"parent":0,"menu_order":0,"comment_status":"closed","ping_status":"closed","template":"","meta":[],"_links":{"self":[{"href":"http:\/\/leksykologia-logopedia.amu.edu.pl\/index.php?rest_route=\/wp\/v2\/pages\/781"}],"collection":[{"href":"http:\/\/leksykologia-logopedia.amu.edu.pl\/index.php?rest_route=\/wp\/v2\/pages"}],"about":[{"href":"http:\/\/leksykologia-logopedia.amu.edu.pl\/index.php?rest_route=\/wp\/v2\/types\/page"}],"author":[{"embeddable":true,"href":"http:\/\/leksykologia-logopedia.amu.edu.pl\/index.php?rest_route=\/wp\/v2\/users\/2"}],"replies":[{"embeddable":true,"href":"http:\/\/leksykologia-logopedia.amu.edu.pl\/index.php?rest_route=%2Fwp%2Fv2%2Fcomments&post=781"}],"version-history":[{"count":13,"href":"http:\/\/leksykologia-logopedia.amu.edu.pl\/index.php?rest_route=\/wp\/v2\/pages\/781\/revisions"}],"predecessor-version":[{"id":827,"href":"http:\/\/leksykologia-logopedia.amu.edu.pl\/index.php?rest_route=\/wp\/v2\/pages\/781\/revisions\/827"}],"wp:attachment":[{"href":"http:\/\/leksykologia-logopedia.amu.edu.pl\/index.php?rest_route=%2Fwp%2Fv2%2Fmedia&parent=781"}],"curies":[{"name":"wp","href":"https:\/\/api.w.org\/{rel}","templated":true}]}}