{"id":97,"date":"2019-12-16T23:51:58","date_gmt":"2019-12-16T22:51:58","guid":{"rendered":"http:\/\/ekaptur-leksykanowa.home.amu.edu.pl\/?page_id=97"},"modified":"2024-01-24T17:27:11","modified_gmt":"2024-01-24T16:27:11","slug":"konferencje","status":"publish","type":"page","link":"http:\/\/leksykologia-logopedia.amu.edu.pl\/?page_id=97","title":{"rendered":"Konferencje"},"content":{"rendered":"\t\t<div data-elementor-type=\"wp-page\" data-elementor-id=\"97\" class=\"elementor elementor-97\">\n\t\t\t\t\t\t<div class=\"elementor-inner\">\n\t\t\t\t<div class=\"elementor-section-wrap\">\n\t\t\t\t\t\t\t\t\t<section class=\"elementor-section elementor-top-section elementor-element elementor-element-7b418d4 elementor-section-boxed elementor-section-height-default elementor-section-height-default\" data-id=\"7b418d4\" data-element_type=\"section\">\n\t\t\t\t\t\t<div class=\"elementor-container elementor-column-gap-default\">\n\t\t\t\t\t\t\t<div class=\"elementor-row\">\n\t\t\t\t\t<div class=\"elementor-column elementor-col-100 elementor-top-column elementor-element elementor-element-997fabe\" data-id=\"997fabe\" data-element_type=\"column\">\n\t\t\t<div class=\"elementor-column-wrap elementor-element-populated\">\n\t\t\t\t\t\t\t<div class=\"elementor-widget-wrap\">\n\t\t\t\t\t\t<div class=\"elementor-element elementor-element-03bdd1c elementor-widget elementor-widget-text-editor\" data-id=\"03bdd1c\" data-element_type=\"widget\" data-widget_type=\"text-editor.default\">\n\t\t\t\t<div class=\"elementor-widget-container\">\n\t\t\t\t\t\t\t\t<div class=\"elementor-text-editor elementor-clearfix\">\n\t\t\t\t<p>Zak\u0142ad Leksykologii i Logopedii do tej pory zorganizowa\u0142 dwie konferencje, kt\u00f3re odby\u0142y si\u0119 w ramach cyklu \u201e<strong>M\u00f3zg \u2013 j\u0119zyk \u2013 komunikacja<\/strong>\u201d. Pierwsza mia\u0142a miejsce 20 pa\u017adziernika 2016 r., a druga 18-19 pa\u017adziernika 2018 r.<\/p><p>Konferencje te maj\u0105 charakter interdyscyplinarny, po\u015bwi\u0119cone s\u0105 specyfice zaburze\u0144 komunikowania si\u0119, b\u0119d\u0105cych wynikiem patologii m\u00f3zgu o charakterze strukturalnym i\/lub funkcjonalnym, a tak\u017ce zwi\u0105zanych z jego fizjologicznym starzeniem si\u0119. Prezentowana problematyka koncentruje si\u0119 wok\u00f3\u0142 relacji m\u00f3zg \u2013 j\u0119zyk, m\u00f3zg \u2013 komunikowanie, m\u00f3zg \u2013 funkcje poznawcze, m\u00f3zg \u2013 sztuka. Przyj\u0119cie tak szerokiej perspektywy ma na celu umo\u017cliwienie skonfrontowania najnowszej wiedzy na temat funkcjonowania m\u00f3zgu z dzia\u0142aniami praktycznymi specjalist\u00f3w reprezentuj\u0105cych r\u00f3\u017cne dziedziny badawcze.<\/p><p><strong>\u00a0<\/strong><\/p><p><strong>OBSZARY TEMATYCZNE KONFERENCJI:<\/strong><\/p><ol><li>Specyfika zaburze\u0144 j\u0119zykowych u dzieci i os\u00f3b doros\u0142ych.<\/li><li>Choroby neurodegeneracyjne i stopniowa utrata j\u0119zyka.<\/li><li>Strategie terapeutyczne w zaburzeniach mowy i j\u0119zyka.<\/li><li>J\u0119zyk polski jako odziedziczony a zaburzenia mowy i j\u0119zyka.<\/li><li>J\u0119zyk os\u00f3b starszych.<\/li><li>Dyskurs normatywny i zaburzony.<\/li><li>Kompetencja j\u0119zykowa i komunikacyjna w normie i w patologii.<\/li><li>Zespo\u0142y diagnostyczne i terapeutyczne.<\/li><li>\u00a0Problemy terminologiczne zaburze\u0144 j\u0119zykowych.<\/li><li>\u00a0Biologiczne podstawy j\u0119zyka.<\/li><li>\u00a0Neurologia w praktyce logopedycznej.<\/li><li>\u00a0J\u0119zyk w literaturze i w sztuce.<\/li><\/ol>\t\t\t\t\t<\/div>\n\t\t\t\t\t\t<\/div>\n\t\t\t\t<\/div>\n\t\t\t\t\t\t<\/div>\n\t\t\t\t\t<\/div>\n\t\t<\/div>\n\t\t\t\t\t\t\t\t<\/div>\n\t\t\t\t\t<\/div>\n\t\t<\/section>\n\t\t\t\t<section class=\"elementor-section elementor-top-section elementor-element elementor-element-03bdfdb elementor-section-boxed elementor-section-height-default elementor-section-height-default\" data-id=\"03bdfdb\" data-element_type=\"section\">\n\t\t\t\t\t\t<div class=\"elementor-container elementor-column-gap-default\">\n\t\t\t\t\t\t\t<div class=\"elementor-row\">\n\t\t\t\t\t<div class=\"elementor-column elementor-col-33 elementor-top-column elementor-element elementor-element-0e392bd\" data-id=\"0e392bd\" data-element_type=\"column\">\n\t\t\t<div class=\"elementor-column-wrap elementor-element-populated\">\n\t\t\t\t\t\t\t<div class=\"elementor-widget-wrap\">\n\t\t\t\t\t\t<div class=\"elementor-element elementor-element-deb3b63 elementor-widget elementor-widget-image\" data-id=\"deb3b63\" data-element_type=\"widget\" data-widget_type=\"image.default\">\n\t\t\t\t<div class=\"elementor-widget-container\">\n\t\t\t\t\t\t\t\t<div class=\"elementor-image\">\n\t\t\t\t\t\t\t\t\t<figure class=\"wp-caption\">\n\t\t\t\t\t\t\t\t\t\t\t<a href=\"http:\/\/ekaptur-leksykanowa.home.amu.edu.pl\/wp-content\/uploads\/2019\/12\/0001-3.jpg\" data-elementor-open-lightbox=\"yes\" data-elementor-lightbox-title=\"0001 (3)\" e-action-hash=\"#elementor-action%3Aaction%3Dlightbox%26settings%3DeyJpZCI6MzQ1LCJ1cmwiOiJodHRwOlwvXC9sZWtzeWtvbG9naWEtbG9nb3BlZGlhLmFtdS5lZHUucGxcL3dwLWNvbnRlbnRcL3VwbG9hZHNcLzIwMTlcLzEyXC8wMDAxLTMuanBnIn0%3D\">\n\t\t\t\t\t\t\t<img decoding=\"async\" width=\"724\" height=\"1024\" src=\"http:\/\/leksykologia-logopedia.amu.edu.pl\/wp-content\/uploads\/2019\/12\/0001-3-724x1024.jpg\" class=\"attachment-large size-large\" alt=\"\" loading=\"lazy\" srcset=\"http:\/\/leksykologia-logopedia.amu.edu.pl\/wp-content\/uploads\/2019\/12\/0001-3-724x1024.jpg 724w, http:\/\/leksykologia-logopedia.amu.edu.pl\/wp-content\/uploads\/2019\/12\/0001-3-212x300.jpg 212w, http:\/\/leksykologia-logopedia.amu.edu.pl\/wp-content\/uploads\/2019\/12\/0001-3-768x1086.jpg 768w, http:\/\/leksykologia-logopedia.amu.edu.pl\/wp-content\/uploads\/2019\/12\/0001-3-1086x1536.jpg 1086w, http:\/\/leksykologia-logopedia.amu.edu.pl\/wp-content\/uploads\/2019\/12\/0001-3-1448x2048.jpg 1448w, http:\/\/leksykologia-logopedia.amu.edu.pl\/wp-content\/uploads\/2019\/12\/0001-3.jpg 1754w\" sizes=\"(max-width: 724px) 100vw, 724px\" \/>\t\t\t\t\t\t\t\t<\/a>\n\t\t\t\t\t\t\t\t\t\t\t<figcaption class=\"widget-image-caption wp-caption-text\">Ksi\u0105\u017cka pokonferencyjna \"M\u00f3zg-J\u0119zyk-Komunikacja\" Pozna\u0144 2017<\/figcaption>\n\t\t\t\t\t\t\t\t\t\t<\/figure>\n\t\t\t\t\t\t\t\t<\/div>\n\t\t\t\t\t\t<\/div>\n\t\t\t\t<\/div>\n\t\t\t\t\t\t<\/div>\n\t\t\t\t\t<\/div>\n\t\t<\/div>\n\t\t\t\t<div class=\"elementor-column elementor-col-33 elementor-top-column elementor-element elementor-element-cec70d8\" data-id=\"cec70d8\" data-element_type=\"column\">\n\t\t\t<div class=\"elementor-column-wrap elementor-element-populated\">\n\t\t\t\t\t\t\t<div class=\"elementor-widget-wrap\">\n\t\t\t\t\t\t<div class=\"elementor-element elementor-element-c224c62 elementor-widget elementor-widget-image\" data-id=\"c224c62\" data-element_type=\"widget\" data-widget_type=\"image.default\">\n\t\t\t\t<div class=\"elementor-widget-container\">\n\t\t\t\t\t\t\t\t<div class=\"elementor-image\">\n\t\t\t\t\t\t\t\t\t\t\t\t\t<a href=\"http:\/\/ekaptur-leksykanowa.home.amu.edu.pl\/wp-content\/uploads\/2019\/12\/0005.jpg\" data-elementor-open-lightbox=\"yes\" data-elementor-lightbox-title=\"0005\" e-action-hash=\"#elementor-action%3Aaction%3Dlightbox%26settings%3DeyJpZCI6MzQ2LCJ1cmwiOiJodHRwOlwvXC9sZWtzeWtvbG9naWEtbG9nb3BlZGlhLmFtdS5lZHUucGxcL3dwLWNvbnRlbnRcL3VwbG9hZHNcLzIwMTlcLzEyXC8wMDA1LmpwZyJ9\">\n\t\t\t\t\t\t\t<img decoding=\"async\" width=\"722\" height=\"1024\" src=\"http:\/\/leksykologia-logopedia.amu.edu.pl\/wp-content\/uploads\/2019\/12\/0005-722x1024.jpg\" class=\"attachment-large size-large\" alt=\"\" loading=\"lazy\" srcset=\"http:\/\/leksykologia-logopedia.amu.edu.pl\/wp-content\/uploads\/2019\/12\/0005-722x1024.jpg 722w, http:\/\/leksykologia-logopedia.amu.edu.pl\/wp-content\/uploads\/2019\/12\/0005-211x300.jpg 211w, http:\/\/leksykologia-logopedia.amu.edu.pl\/wp-content\/uploads\/2019\/12\/0005-768x1089.jpg 768w, http:\/\/leksykologia-logopedia.amu.edu.pl\/wp-content\/uploads\/2019\/12\/0005-1083x1536.jpg 1083w, http:\/\/leksykologia-logopedia.amu.edu.pl\/wp-content\/uploads\/2019\/12\/0005-1444x2048.jpg 1444w, http:\/\/leksykologia-logopedia.amu.edu.pl\/wp-content\/uploads\/2019\/12\/0005.jpg 1749w\" sizes=\"(max-width: 722px) 100vw, 722px\" \/>\t\t\t\t\t\t\t\t<\/a>\n\t\t\t\t\t\t\t\t\t\t\t\t\t\t<\/div>\n\t\t\t\t\t\t<\/div>\n\t\t\t\t<\/div>\n\t\t\t\t\t\t<\/div>\n\t\t\t\t\t<\/div>\n\t\t<\/div>\n\t\t\t\t<div class=\"elementor-column elementor-col-33 elementor-top-column elementor-element elementor-element-0959ab9\" data-id=\"0959ab9\" data-element_type=\"column\">\n\t\t\t<div class=\"elementor-column-wrap elementor-element-populated\">\n\t\t\t\t\t\t\t<div class=\"elementor-widget-wrap\">\n\t\t\t\t\t\t<div class=\"elementor-element elementor-element-c03a7db elementor-widget elementor-widget-image\" data-id=\"c03a7db\" data-element_type=\"widget\" data-widget_type=\"image.default\">\n\t\t\t\t<div class=\"elementor-widget-container\">\n\t\t\t\t\t\t\t\t<div class=\"elementor-image\">\n\t\t\t\t\t\t\t\t\t\t\t\t\t<a href=\"http:\/\/ekaptur-leksykanowa.home.amu.edu.pl\/wp-content\/uploads\/2019\/12\/0006.jpg\" data-elementor-open-lightbox=\"yes\" data-elementor-lightbox-title=\"0006\" e-action-hash=\"#elementor-action%3Aaction%3Dlightbox%26settings%3DeyJpZCI6MzQ3LCJ1cmwiOiJodHRwOlwvXC9sZWtzeWtvbG9naWEtbG9nb3BlZGlhLmFtdS5lZHUucGxcL3dwLWNvbnRlbnRcL3VwbG9hZHNcLzIwMTlcLzEyXC8wMDA2LmpwZyJ9\">\n\t\t\t\t\t\t\t<img decoding=\"async\" width=\"722\" height=\"1024\" src=\"http:\/\/leksykologia-logopedia.amu.edu.pl\/wp-content\/uploads\/2019\/12\/0006-722x1024.jpg\" class=\"attachment-large size-large\" alt=\"\" loading=\"lazy\" srcset=\"http:\/\/leksykologia-logopedia.amu.edu.pl\/wp-content\/uploads\/2019\/12\/0006-722x1024.jpg 722w, http:\/\/leksykologia-logopedia.amu.edu.pl\/wp-content\/uploads\/2019\/12\/0006-211x300.jpg 211w, http:\/\/leksykologia-logopedia.amu.edu.pl\/wp-content\/uploads\/2019\/12\/0006-768x1089.jpg 768w, http:\/\/leksykologia-logopedia.amu.edu.pl\/wp-content\/uploads\/2019\/12\/0006-1083x1536.jpg 1083w, http:\/\/leksykologia-logopedia.amu.edu.pl\/wp-content\/uploads\/2019\/12\/0006-1444x2048.jpg 1444w, http:\/\/leksykologia-logopedia.amu.edu.pl\/wp-content\/uploads\/2019\/12\/0006.jpg 1749w\" sizes=\"(max-width: 722px) 100vw, 722px\" \/>\t\t\t\t\t\t\t\t<\/a>\n\t\t\t\t\t\t\t\t\t\t\t\t\t\t<\/div>\n\t\t\t\t\t\t<\/div>\n\t\t\t\t<\/div>\n\t\t\t\t\t\t<\/div>\n\t\t\t\t\t<\/div>\n\t\t<\/div>\n\t\t\t\t\t\t\t\t<\/div>\n\t\t\t\t\t<\/div>\n\t\t<\/section>\n\t\t\t\t\t\t\t\t\t<\/div>\n\t\t\t<\/div>\n\t\t\t\t\t<\/div>\n\t\t","protected":false},"excerpt":{"rendered":"<p>Zak\u0142ad Leksykologii i Logopedii do tej pory zorganizowa\u0142 dwie konferencje, kt\u00f3re odby\u0142y si\u0119 w ramach cyklu \u201eM\u00f3zg \u2013 j\u0119zyk \u2013 komunikacja\u201d. Pierwsza mia\u0142a miejsce 20 pa\u017adziernika 2016 r., a druga 18-19 pa\u017adziernika 2018 r. Konferencje te maj\u0105 charakter interdyscyplinarny, po\u015bwi\u0119cone s\u0105 specyfice zaburze\u0144 komunikowania si\u0119, b\u0119d\u0105cych wynikiem patologii m\u00f3zgu o charakterze strukturalnym i\/lub funkcjonalnym, a tak\u017ce zwi\u0105zanych z jego fizjologicznym starzeniem si\u0119. Prezentowana problematyka koncentruje si\u0119 wok\u00f3\u0142 relacji m\u00f3zg \u2013 j\u0119zyk, m\u00f3zg \u2013 komunikowanie, m\u00f3zg \u2013 funkcje poznawcze, m\u00f3zg \u2013 sztuka. Przyj\u0119cie tak szerokiej perspektywy ma na celu umo\u017cliwienie skonfrontowania najnowszej wiedzy na temat funkcjonowania m\u00f3zgu z dzia\u0142aniami praktycznymi specjalist\u00f3w reprezentuj\u0105cych r\u00f3\u017cne dziedziny badawcze. &nbsp; OBSZARY TEMATYCZNE KONFERENCJI: Specyfika zaburze\u0144 j\u0119zykowych u dzieci i os\u00f3b doros\u0142ych. Choroby neurodegeneracyjne i stopniowa utrata j\u0119zyka. Strategie terapeutyczne w zaburzeniach mowy i j\u0119zyka. J\u0119zyk polski jako odziedziczony a zaburzenia mowy i j\u0119zyka. J\u0119zyk os\u00f3b starszych. Dyskurs normatywny i zaburzony. Kompetencja j\u0119zykowa i komunikacyjna w&hellip;<\/p>\n<p> <a class=\"more-link\" href=\"http:\/\/leksykologia-logopedia.amu.edu.pl\/?page_id=97\">Czytaj dalej<\/a><\/p>\n","protected":false},"author":1,"featured_media":0,"parent":0,"menu_order":0,"comment_status":"closed","ping_status":"closed","template":"","meta":[],"_links":{"self":[{"href":"http:\/\/leksykologia-logopedia.amu.edu.pl\/index.php?rest_route=\/wp\/v2\/pages\/97"}],"collection":[{"href":"http:\/\/leksykologia-logopedia.amu.edu.pl\/index.php?rest_route=\/wp\/v2\/pages"}],"about":[{"href":"http:\/\/leksykologia-logopedia.amu.edu.pl\/index.php?rest_route=\/wp\/v2\/types\/page"}],"author":[{"embeddable":true,"href":"http:\/\/leksykologia-logopedia.amu.edu.pl\/index.php?rest_route=\/wp\/v2\/users\/1"}],"replies":[{"embeddable":true,"href":"http:\/\/leksykologia-logopedia.amu.edu.pl\/index.php?rest_route=%2Fwp%2Fv2%2Fcomments&post=97"}],"version-history":[{"count":8,"href":"http:\/\/leksykologia-logopedia.amu.edu.pl\/index.php?rest_route=\/wp\/v2\/pages\/97\/revisions"}],"predecessor-version":[{"id":847,"href":"http:\/\/leksykologia-logopedia.amu.edu.pl\/index.php?rest_route=\/wp\/v2\/pages\/97\/revisions\/847"}],"wp:attachment":[{"href":"http:\/\/leksykologia-logopedia.amu.edu.pl\/index.php?rest_route=%2Fwp%2Fv2%2Fmedia&parent=97"}],"curies":[{"name":"wp","href":"https:\/\/api.w.org\/{rel}","templated":true}]}}